{"id":2622,"date":"2024-11-06T16:42:20","date_gmt":"2024-11-06T15:42:20","guid":{"rendered":"https:\/\/gestoriamartapla.com\/servicios\/tramits-digitals\/"},"modified":"2024-11-06T17:23:02","modified_gmt":"2024-11-06T16:23:02","slug":"tramits-digitals","status":"publish","type":"page","link":"https:\/\/gestoriamartapla.com\/es\/servicios\/tramits-digitals\/","title":{"rendered":"Tr\u00e1mites Digitales"},"content":{"rendered":"<div class=\"fusion-fullwidth fullwidth-box fusion-builder-row-1 fusion-flex-container hundred-percent-fullwidth non-hundred-percent-height-scrolling\" style=\"--awb-border-color:var(--awb-color3);--awb-border-radius-top-left:0px;--awb-border-radius-top-right:0px;--awb-border-radius-bottom-right:0px;--awb-border-radius-bottom-left:0px;--awb-padding-top:0px;--awb-padding-right:0px;--awb-padding-bottom:0px;--awb-padding-left:0px;--awb-margin-bottom:0px;--awb-flex-wrap:wrap;\" ><div class=\"fusion-builder-row fusion-row fusion-flex-align-items-stretch fusion-flex-content-wrap\" style=\"width:calc( 100% + 0px ) !important;max-width:calc( 100% + 0px ) !important;margin-left: calc(-0px \/ 2 );margin-right: calc(-0px \/ 2 );\"><div class=\"fusion-layout-column fusion_builder_column fusion-builder-column-0 fusion_builder_column_1_2 1_2 fusion-flex-column\" style=\"--awb-padding-top:15vh;--awb-padding-right:8vw;--awb-padding-bottom:15vh;--awb-padding-left:8vw;--awb-padding-top-medium:8vw;--awb-padding-bottom-medium:8vw;--awb-padding-top-small:10vh;--awb-padding-bottom-small:10vh;--awb-bg-color:hsla(var(--awb-color7-h),var(--awb-color7-s),var(--awb-color7-l),calc( var(--awb-color7-a) - 96% ));--awb-bg-color-hover:hsla(var(--awb-color7-h),var(--awb-color7-s),var(--awb-color7-l),calc( var(--awb-color7-a) - 96% ));--awb-bg-image:linear-gradient(180deg, rgba(242,243,245,0.46) 0%,rgba(242,243,245,0.67) 100%);;--awb-bg-position:center center;--awb-bg-size:650px;--awb-width-large:50%;--awb-margin-top-large:0px;--awb-spacing-right-large:0px;--awb-margin-bottom-large:0px;--awb-spacing-left-large:0px;--awb-width-medium:50%;--awb-order-medium:0;--awb-spacing-right-medium:0px;--awb-spacing-left-medium:0px;--awb-width-small:100%;--awb-order-small:0;--awb-spacing-right-small:0px;--awb-spacing-left-small:0px;\"><div class=\"fusion-column-wrapper lazyload fusion-column-has-shadow fusion-flex-justify-content-flex-start fusion-content-layout-column fusion-column-has-bg-image\" data-bg-url=\"https:\/\/gestoriamartapla.com\/wp-content\/uploads\/2024\/10\/fons-simbol-footer.png\" data-bg=\"https:\/\/gestoriamartapla.com\/wp-content\/uploads\/2024\/10\/fons-simbol-footer.png\" data-bg-gradient=\"linear-gradient(180deg, rgba(242,243,245,0.46) 0%,rgba(242,243,245,0.67) 100%)\"><div class=\"fusion-text fusion-text-1\" style=\"--awb-content-alignment:center;--awb-font-size:var(--awb-typography2-font-size);--awb-line-height:var(--awb-typography2-line-height);--awb-letter-spacing:var(--awb-typography2-letter-spacing);--awb-text-transform:var(--awb-typography2-text-transform);--awb-text-color:var(--awb-color5);--awb-text-font-family:var(--awb-typography2-font-family);--awb-text-font-weight:var(--awb-typography2-font-weight);--awb-text-font-style:var(--awb-typography2-font-style);\"><p>Servicios Gestor\u00eda Marta Pla<\/p>\n<\/div><div class=\"fusion-text fusion-text-2\" style=\"--awb-content-alignment:left;--awb-font-size:19px;\"><p><span style=\"vertical-align: inherit;\"><span style=\"vertical-align: inherit;\">Disponemos de unas plataformas digitales donde obtenemos dos tipos de servicios:<\/span><\/span><\/p>\n<p><span style=\"vertical-align: inherit;\"><span style=\"vertical-align: inherit;\">La obtenci\u00f3n de tu <\/span><\/span><b><span style=\"vertical-align: inherit;\"><span style=\"vertical-align: inherit;\">certificado digital<\/span><\/span><\/b><span style=\"vertical-align: inherit;\"><span style=\"vertical-align: inherit;\"> en el momento para conectarte con todos los organismos oficiales y extraer la informaci\u00f3n personal que necesites.<\/span><\/span><\/p>\n<p><span style=\"vertical-align: inherit;\"><span style=\"vertical-align: inherit;\">El servicio de <\/span><\/span><b><span style=\"vertical-align: inherit;\"><span style=\"vertical-align: inherit;\">firma electr\u00f3nica<\/span><\/span><\/b><span style=\"vertical-align: inherit;\"><span style=\"vertical-align: inherit;\"> de documentos para facilitar la gesti\u00f3n de la documentaci\u00f3n con la m\u00e1xima garant\u00eda legal.<\/span><\/span><\/p>\n<ul>\n<li><strong><span style=\"vertical-align: inherit;\"><span style=\"vertical-align: inherit;\">Firma en cualquier lugar y momento:<\/span><\/span><\/strong><span style=\"vertical-align: inherit;\"><span style=\"vertical-align: inherit;\">\u00a0Usa este servicio cuando te sea m\u00e1s c\u00f3modo, sin importar d\u00f3nde est\u00e9s.<\/span><\/span><\/li>\n<li><strong><span style=\"vertical-align: inherit;\"><span style=\"vertical-align: inherit;\">Compatibilidad con cualquier dispositivo:<\/span><\/span><\/strong><span style=\"vertical-align: inherit;\"><span style=\"vertical-align: inherit;\">\u00a0Puedes firmar con el m\u00f3vil, la tableta o el ordenador.<\/span><\/span><\/li>\n<li><strong><span style=\"vertical-align: inherit;\"><span style=\"vertical-align: inherit;\">Simplicidad:<\/span><\/span><\/strong><span style=\"vertical-align: inherit;\"><span style=\"vertical-align: inherit;\">\u00a0Firma en pocos pasos.<\/span><\/span><\/li>\n<li><strong><span style=\"vertical-align: inherit;\"><span style=\"vertical-align: inherit;\">Control de documentos:<\/span><\/span><\/strong><span style=\"vertical-align: inherit;\"><span style=\"vertical-align: inherit;\">\u00a0Gestiona f\u00e1cilmente los documentos firmados y pendientes de firma.<\/span><\/span><\/li>\n<li><strong><span style=\"vertical-align: inherit;\"><span style=\"vertical-align: inherit;\">Garant\u00eda legal:<\/span><\/span><\/strong><span style=\"vertical-align: inherit;\"><span style=\"vertical-align: inherit;\">\u00a0Firma electr\u00f3nica y certificado digital de evidencias para asegurar la validez y seguridad del proceso.<\/span><\/span><\/li>\n<\/ul>\n<p><span style=\"vertical-align: inherit;\"><span style=\"vertical-align: inherit;\">Este servicio est\u00e1 especialmente indicado para empresas y aut\u00f3nomos que necesitan agilizar y controlar sus tr\u00e1mites documentales con la m\u00e1xima seguridad y facilidad.<\/span><\/span><\/p>\n<\/div><div class=\"fusion-separator fusion-full-width-sep\" style=\"align-self: center;margin-left: auto;margin-right: auto;margin-top:40px;width:100%;\"><\/div><div style=\"text-align:center;\"><a class=\"fusion-button button-flat button-xlarge button-custom fusion-button-default button-1 fusion-button-default-span fusion-button-default-type\" style=\"--button_accent_color:var(--awb-color1);--button_border_color:var(--awb-color5);--button_accent_hover_color:var(--awb-color5);--button_border_hover_color:var(--awb-color5);--button_border_width-top:1px;--button_border_width-right:1px;--button_border_width-bottom:1px;--button_border_width-left:1px;--button_gradient_top_color:var(--awb-color5);--button_gradient_bottom_color:var(--awb-color5);--button_gradient_top_color_hover:var(--awb-color1);--button_gradient_bottom_color_hover:var(--awb-color1);\" target=\"_self\" href=\"https:\/\/gestoriamartapla.com\/es\/contacte\"><span class=\"fusion-button-text\">\u00a1Contactar Ahora!<\/span><\/a><\/div><\/div><\/div><div class=\"fusion-layout-column fusion_builder_column fusion-builder-column-1 fusion_builder_column_1_2 1_2 fusion-flex-column\" style=\"--awb-padding-top-small:90px;--awb-padding-bottom-small:90px;--awb-bg-position:center center;--awb-bg-size:cover;--awb-width-large:50%;--awb-margin-top-large:0px;--awb-spacing-right-large:0px;--awb-margin-bottom-large:0px;--awb-spacing-left-large:0px;--awb-width-medium:50%;--awb-order-medium:0;--awb-spacing-right-medium:0px;--awb-spacing-left-medium:0px;--awb-width-small:100%;--awb-order-small:1;--awb-spacing-right-small:0px;--awb-spacing-left-small:0px;\"><div class=\"fusion-column-wrapper lazyload fusion-column-has-shadow fusion-flex-justify-content-flex-start fusion-content-layout-column fusion-empty-column-bg-image fusion-column-has-bg-image\" data-bg-url=\"https:\/\/gestoriamartapla.com\/wp-content\/uploads\/2024\/11\/img-serveis-marta-pla-gestoria-13.jpg\" data-bg=\"https:\/\/gestoriamartapla.com\/wp-content\/uploads\/2024\/11\/img-serveis-marta-pla-gestoria-13.jpg\"><img decoding=\"async\" class=\"fusion-empty-dims-img-placeholder fusion-no-large-visibility fusion-no-medium-visibility\" src=\"data:image\/svg+xml,%3Csvg%20xmlns%3D%27http%3A%2F%2Fwww.w3.org%2F2000%2Fsvg%27%20width%3D%271500%27%20height%3D%271083%27%20viewBox%3D%270%200%201500%201083%27%3E%3Crect%20width%3D%271500%27%20height%3D%271083%27%20fill-opacity%3D%220%22%2F%3E%3C%2Fsvg%3E\"><\/div><\/div><\/div><\/div>\n","protected":false},"excerpt":{"rendered":"","protected":false},"author":1,"featured_media":2627,"parent":2503,"menu_order":0,"comment_status":"closed","ping_status":"closed","template":"100-width.php","meta":{"footnotes":""},"class_list":["post-2622","page","type-page","status-publish","has-post-thumbnail","hentry"],"yoast_head":"<!-- This site is optimized with the Yoast SEO plugin v23.7 - https:\/\/yoast.com\/wordpress\/plugins\/seo\/ -->\n<title>Tr\u00e1mites Digitales - Gestoria Marta Pla<\/title>\n<meta name=\"robots\" content=\"index, follow, max-snippet:-1, max-image-preview:large, max-video-preview:-1\" \/>\n<link rel=\"canonical\" href=\"https:\/\/gestoriamartapla.com\/es\/servicios\/tramits-digitals\/\" \/>\n<meta property=\"og:locale\" content=\"es_ES\" \/>\n<meta property=\"og:type\" content=\"article\" \/>\n<meta property=\"og:title\" content=\"Tr\u00e1mites Digitales - Gestoria Marta Pla\" \/>\n<meta property=\"og:url\" content=\"https:\/\/gestoriamartapla.com\/es\/servicios\/tramits-digitals\/\" \/>\n<meta property=\"og:site_name\" content=\"Gestoria Marta Pla\" \/>\n<meta property=\"article:modified_time\" content=\"2024-11-06T16:23:02+00:00\" \/>\n<meta property=\"og:image\" content=\"https:\/\/gestoriamartapla.com\/wp-content\/uploads\/2024\/10\/img-serveis-marta-pla-gestoria-12.jpg\" \/>\n\t<meta property=\"og:image:width\" content=\"1500\" \/>\n\t<meta property=\"og:image:height\" content=\"1015\" \/>\n\t<meta property=\"og:image:type\" content=\"image\/jpeg\" \/>\n<meta name=\"twitter:card\" content=\"summary_large_image\" \/>\n<meta name=\"twitter:label1\" content=\"Tiempo de lectura\" \/>\n\t<meta name=\"twitter:data1\" content=\"2 minutos\" \/>\n<script type=\"application\/ld+json\" class=\"yoast-schema-graph\">{\"@context\":\"https:\/\/schema.org\",\"@graph\":[{\"@type\":\"WebPage\",\"@id\":\"https:\/\/gestoriamartapla.com\/es\/servicios\/tramits-digitals\/\",\"url\":\"https:\/\/gestoriamartapla.com\/es\/servicios\/tramits-digitals\/\",\"name\":\"Tr\u00e1mites Digitales - Gestoria Marta Pla\",\"isPartOf\":{\"@id\":\"https:\/\/gestoriamartapla.com\/es\/#website\"},\"primaryImageOfPage\":{\"@id\":\"https:\/\/gestoriamartapla.com\/es\/servicios\/tramits-digitals\/#primaryimage\"},\"image\":{\"@id\":\"https:\/\/gestoriamartapla.com\/es\/servicios\/tramits-digitals\/#primaryimage\"},\"thumbnailUrl\":\"https:\/\/gestoriamartapla.com\/wp-content\/uploads\/2024\/11\/img-serveis-marta-pla-gestoria-13.jpg\",\"datePublished\":\"2024-11-06T15:42:20+00:00\",\"dateModified\":\"2024-11-06T16:23:02+00:00\",\"breadcrumb\":{\"@id\":\"https:\/\/gestoriamartapla.com\/es\/servicios\/tramits-digitals\/#breadcrumb\"},\"inLanguage\":\"es\",\"potentialAction\":[{\"@type\":\"ReadAction\",\"target\":[\"https:\/\/gestoriamartapla.com\/es\/servicios\/tramits-digitals\/\"]}]},{\"@type\":\"ImageObject\",\"inLanguage\":\"es\",\"@id\":\"https:\/\/gestoriamartapla.com\/es\/servicios\/tramits-digitals\/#primaryimage\",\"url\":\"https:\/\/gestoriamartapla.com\/wp-content\/uploads\/2024\/11\/img-serveis-marta-pla-gestoria-13.jpg\",\"contentUrl\":\"https:\/\/gestoriamartapla.com\/wp-content\/uploads\/2024\/11\/img-serveis-marta-pla-gestoria-13.jpg\",\"width\":1500,\"height\":1083},{\"@type\":\"BreadcrumbList\",\"@id\":\"https:\/\/gestoriamartapla.com\/es\/servicios\/tramits-digitals\/#breadcrumb\",\"itemListElement\":[{\"@type\":\"ListItem\",\"position\":1,\"name\":\"Inici\",\"item\":\"https:\/\/gestoriamartapla.com\/es\/\"},{\"@type\":\"ListItem\",\"position\":2,\"name\":\"Servicios\",\"item\":\"https:\/\/gestoriamartapla.com\/es\/servicios\/\"},{\"@type\":\"ListItem\",\"position\":3,\"name\":\"Tr\u00e1mites Digitales\"}]},{\"@type\":\"WebSite\",\"@id\":\"https:\/\/gestoriamartapla.com\/es\/#website\",\"url\":\"https:\/\/gestoriamartapla.com\/es\/\",\"name\":\"Gestoria Marta Pla\",\"description\":\"Al teu servei per resoldre tots els teus tr\u00e0mits fiscals i administratius amb efic\u00e0cia i confian\u00e7a.\",\"publisher\":{\"@id\":\"https:\/\/gestoriamartapla.com\/es\/#organization\"},\"potentialAction\":[{\"@type\":\"SearchAction\",\"target\":{\"@type\":\"EntryPoint\",\"urlTemplate\":\"https:\/\/gestoriamartapla.com\/es\/?s={search_term_string}\"},\"query-input\":{\"@type\":\"PropertyValueSpecification\",\"valueRequired\":true,\"valueName\":\"search_term_string\"}}],\"inLanguage\":\"es\"},{\"@type\":\"Organization\",\"@id\":\"https:\/\/gestoriamartapla.com\/es\/#organization\",\"name\":\"Gestoria Marta Pla\",\"url\":\"https:\/\/gestoriamartapla.com\/es\/\",\"logo\":{\"@type\":\"ImageObject\",\"inLanguage\":\"es\",\"@id\":\"https:\/\/gestoriamartapla.com\/es\/#\/schema\/logo\/image\/\",\"url\":\"https:\/\/gestoriamartapla.com\/wp-content\/uploads\/2024\/10\/logo-marta-pla-gestoria.png\",\"contentUrl\":\"https:\/\/gestoriamartapla.com\/wp-content\/uploads\/2024\/10\/logo-marta-pla-gestoria.png\",\"width\":300,\"height\":131,\"caption\":\"Gestoria Marta Pla\"},\"image\":{\"@id\":\"https:\/\/gestoriamartapla.com\/es\/#\/schema\/logo\/image\/\"}}]}<\/script>\n<!-- \/ Yoast SEO plugin. -->","yoast_head_json":{"title":"Tr\u00e1mites Digitales - Gestoria Marta Pla","robots":{"index":"index","follow":"follow","max-snippet":"max-snippet:-1","max-image-preview":"max-image-preview:large","max-video-preview":"max-video-preview:-1"},"canonical":"https:\/\/gestoriamartapla.com\/es\/servicios\/tramits-digitals\/","og_locale":"es_ES","og_type":"article","og_title":"Tr\u00e1mites Digitales - Gestoria Marta Pla","og_url":"https:\/\/gestoriamartapla.com\/es\/servicios\/tramits-digitals\/","og_site_name":"Gestoria Marta Pla","article_modified_time":"2024-11-06T16:23:02+00:00","og_image":[{"width":1500,"height":1015,"url":"https:\/\/gestoriamartapla.com\/wp-content\/uploads\/2024\/10\/img-serveis-marta-pla-gestoria-12.jpg","type":"image\/jpeg"}],"twitter_card":"summary_large_image","twitter_misc":{"Tiempo de lectura":"2 minutos"},"schema":{"@context":"https:\/\/schema.org","@graph":[{"@type":"WebPage","@id":"https:\/\/gestoriamartapla.com\/es\/servicios\/tramits-digitals\/","url":"https:\/\/gestoriamartapla.com\/es\/servicios\/tramits-digitals\/","name":"Tr\u00e1mites Digitales - Gestoria Marta Pla","isPartOf":{"@id":"https:\/\/gestoriamartapla.com\/es\/#website"},"primaryImageOfPage":{"@id":"https:\/\/gestoriamartapla.com\/es\/servicios\/tramits-digitals\/#primaryimage"},"image":{"@id":"https:\/\/gestoriamartapla.com\/es\/servicios\/tramits-digitals\/#primaryimage"},"thumbnailUrl":"https:\/\/gestoriamartapla.com\/wp-content\/uploads\/2024\/11\/img-serveis-marta-pla-gestoria-13.jpg","datePublished":"2024-11-06T15:42:20+00:00","dateModified":"2024-11-06T16:23:02+00:00","breadcrumb":{"@id":"https:\/\/gestoriamartapla.com\/es\/servicios\/tramits-digitals\/#breadcrumb"},"inLanguage":"es","potentialAction":[{"@type":"ReadAction","target":["https:\/\/gestoriamartapla.com\/es\/servicios\/tramits-digitals\/"]}]},{"@type":"ImageObject","inLanguage":"es","@id":"https:\/\/gestoriamartapla.com\/es\/servicios\/tramits-digitals\/#primaryimage","url":"https:\/\/gestoriamartapla.com\/wp-content\/uploads\/2024\/11\/img-serveis-marta-pla-gestoria-13.jpg","contentUrl":"https:\/\/gestoriamartapla.com\/wp-content\/uploads\/2024\/11\/img-serveis-marta-pla-gestoria-13.jpg","width":1500,"height":1083},{"@type":"BreadcrumbList","@id":"https:\/\/gestoriamartapla.com\/es\/servicios\/tramits-digitals\/#breadcrumb","itemListElement":[{"@type":"ListItem","position":1,"name":"Inici","item":"https:\/\/gestoriamartapla.com\/es\/"},{"@type":"ListItem","position":2,"name":"Servicios","item":"https:\/\/gestoriamartapla.com\/es\/servicios\/"},{"@type":"ListItem","position":3,"name":"Tr\u00e1mites Digitales"}]},{"@type":"WebSite","@id":"https:\/\/gestoriamartapla.com\/es\/#website","url":"https:\/\/gestoriamartapla.com\/es\/","name":"Gestoria Marta Pla","description":"Al teu servei per resoldre tots els teus tr\u00e0mits fiscals i administratius amb efic\u00e0cia i confian\u00e7a.","publisher":{"@id":"https:\/\/gestoriamartapla.com\/es\/#organization"},"potentialAction":[{"@type":"SearchAction","target":{"@type":"EntryPoint","urlTemplate":"https:\/\/gestoriamartapla.com\/es\/?s={search_term_string}"},"query-input":{"@type":"PropertyValueSpecification","valueRequired":true,"valueName":"search_term_string"}}],"inLanguage":"es"},{"@type":"Organization","@id":"https:\/\/gestoriamartapla.com\/es\/#organization","name":"Gestoria Marta Pla","url":"https:\/\/gestoriamartapla.com\/es\/","logo":{"@type":"ImageObject","inLanguage":"es","@id":"https:\/\/gestoriamartapla.com\/es\/#\/schema\/logo\/image\/","url":"https:\/\/gestoriamartapla.com\/wp-content\/uploads\/2024\/10\/logo-marta-pla-gestoria.png","contentUrl":"https:\/\/gestoriamartapla.com\/wp-content\/uploads\/2024\/10\/logo-marta-pla-gestoria.png","width":300,"height":131,"caption":"Gestoria Marta Pla"},"image":{"@id":"https:\/\/gestoriamartapla.com\/es\/#\/schema\/logo\/image\/"}}]}},"_links":{"self":[{"href":"https:\/\/gestoriamartapla.com\/es\/wp-json\/wp\/v2\/pages\/2622","targetHints":{"allow":["GET"]}}],"collection":[{"href":"https:\/\/gestoriamartapla.com\/es\/wp-json\/wp\/v2\/pages"}],"about":[{"href":"https:\/\/gestoriamartapla.com\/es\/wp-json\/wp\/v2\/types\/page"}],"author":[{"embeddable":true,"href":"https:\/\/gestoriamartapla.com\/es\/wp-json\/wp\/v2\/users\/1"}],"replies":[{"embeddable":true,"href":"https:\/\/gestoriamartapla.com\/es\/wp-json\/wp\/v2\/comments?post=2622"}],"version-history":[{"count":2,"href":"https:\/\/gestoriamartapla.com\/es\/wp-json\/wp\/v2\/pages\/2622\/revisions"}],"predecessor-version":[{"id":2625,"href":"https:\/\/gestoriamartapla.com\/es\/wp-json\/wp\/v2\/pages\/2622\/revisions\/2625"}],"up":[{"embeddable":true,"href":"https:\/\/gestoriamartapla.com\/es\/wp-json\/wp\/v2\/pages\/2503"}],"wp:featuredmedia":[{"embeddable":true,"href":"https:\/\/gestoriamartapla.com\/es\/wp-json\/wp\/v2\/media\/2627"}],"wp:attachment":[{"href":"https:\/\/gestoriamartapla.com\/es\/wp-json\/wp\/v2\/media?parent=2622"}],"curies":[{"name":"wp","href":"https:\/\/api.w.org\/{rel}","templated":true}]}}