{"id":2524,"date":"2024-10-24T12:05:16","date_gmt":"2024-10-24T10:05:16","guid":{"rendered":"https:\/\/gestoriamartapla.com\/servicios\/perito-judicial\/"},"modified":"2024-10-31T12:16:35","modified_gmt":"2024-10-31T11:16:35","slug":"perito-judicial","status":"publish","type":"page","link":"https:\/\/gestoriamartapla.com\/es\/servicios\/perito-judicial\/","title":{"rendered":"Perito Judicial"},"content":{"rendered":"<div class=\"fusion-fullwidth fullwidth-box fusion-builder-row-1 fusion-flex-container hundred-percent-fullwidth non-hundred-percent-height-scrolling\" style=\"--awb-border-color:var(--awb-color3);--awb-border-radius-top-left:0px;--awb-border-radius-top-right:0px;--awb-border-radius-bottom-right:0px;--awb-border-radius-bottom-left:0px;--awb-padding-top:0px;--awb-padding-right:0px;--awb-padding-bottom:0px;--awb-padding-left:0px;--awb-margin-bottom:0px;--awb-flex-wrap:wrap;\" ><div class=\"fusion-builder-row fusion-row fusion-flex-align-items-stretch fusion-flex-content-wrap\" style=\"width:calc( 100% + 0px ) !important;max-width:calc( 100% + 0px ) !important;margin-left: calc(-0px \/ 2 );margin-right: calc(-0px \/ 2 );\"><div class=\"fusion-layout-column fusion_builder_column fusion-builder-column-0 fusion_builder_column_1_2 1_2 fusion-flex-column\" style=\"--awb-padding-top:15vh;--awb-padding-right:8vw;--awb-padding-bottom:15vh;--awb-padding-left:8vw;--awb-padding-top-medium:8vw;--awb-padding-bottom-medium:8vw;--awb-padding-top-small:10vh;--awb-padding-bottom-small:10vh;--awb-bg-color:hsla(var(--awb-color7-h),var(--awb-color7-s),var(--awb-color7-l),calc( var(--awb-color7-a) - 96% ));--awb-bg-color-hover:hsla(var(--awb-color7-h),var(--awb-color7-s),var(--awb-color7-l),calc( var(--awb-color7-a) - 96% ));--awb-bg-image:linear-gradient(180deg, rgba(242,243,245,0.46) 0%,rgba(242,243,245,0.67) 100%);;--awb-bg-position:center center;--awb-bg-size:650px;--awb-width-large:50%;--awb-margin-top-large:0px;--awb-spacing-right-large:0px;--awb-margin-bottom-large:0px;--awb-spacing-left-large:0px;--awb-width-medium:50%;--awb-order-medium:0;--awb-spacing-right-medium:0px;--awb-spacing-left-medium:0px;--awb-width-small:100%;--awb-order-small:0;--awb-spacing-right-small:0px;--awb-spacing-left-small:0px;\"><div class=\"fusion-column-wrapper lazyload fusion-column-has-shadow fusion-flex-justify-content-flex-start fusion-content-layout-column fusion-column-has-bg-image\" data-bg-url=\"https:\/\/gestoriamartapla.com\/wp-content\/uploads\/2024\/10\/fons-simbol-footer.png\" data-bg=\"https:\/\/gestoriamartapla.com\/wp-content\/uploads\/2024\/10\/fons-simbol-footer.png\" data-bg-gradient=\"linear-gradient(180deg, rgba(242,243,245,0.46) 0%,rgba(242,243,245,0.67) 100%)\"><div class=\"fusion-text fusion-text-1\" style=\"--awb-content-alignment:center;--awb-font-size:var(--awb-typography2-font-size);--awb-line-height:var(--awb-typography2-line-height);--awb-letter-spacing:var(--awb-typography2-letter-spacing);--awb-text-transform:var(--awb-typography2-text-transform);--awb-text-color:var(--awb-color5);--awb-text-font-family:var(--awb-typography2-font-family);--awb-text-font-weight:var(--awb-typography2-font-weight);--awb-text-font-style:var(--awb-typography2-font-style);\"><p>Servicios Gestor\u00eda Marta Pla<\/p>\n<\/div><div class=\"fusion-text fusion-text-2\" style=\"--awb-content-alignment:left;--awb-font-size:19px;\"><p>Proporcionamos un servicio de <strong>peritaje judicial<\/strong> especializado en <strong>tasaciones de inmuebles y veh\u00edculos<\/strong>. Ofrecemos valoraciones profesionales que pueden utilizarse en procesos judiciales, garantizando la m\u00e1xima imparcialidad y rigor t\u00e9cnico.<\/p>\n<p>Ya sea por disputas legales, valoraciones de activos o informes necesarios para la venta o adquisici\u00f3n de bienes, nuestros informes cumplen con todos los requisitos legales y t\u00e9cnicos para su presentaci\u00f3n ante los tribunales u otros organismos oficiales. Nuestras tasaciones reflejan con precisi\u00f3n el valor de mercado, aportando un detallado informe que puede ser crucial en cualquier litigio o procedimiento judicial.<\/p>\n<\/div><div class=\"fusion-separator fusion-full-width-sep\" style=\"align-self: center;margin-left: auto;margin-right: auto;margin-top:40px;width:100%;\"><\/div><div style=\"text-align:center;\"><a class=\"fusion-button button-flat button-xlarge button-custom fusion-button-default button-1 fusion-button-default-span fusion-button-default-type\" style=\"--button_accent_color:var(--awb-color1);--button_border_color:var(--awb-color5);--button_accent_hover_color:var(--awb-color5);--button_border_hover_color:var(--awb-color5);--button_border_width-top:1px;--button_border_width-right:1px;--button_border_width-bottom:1px;--button_border_width-left:1px;--button_gradient_top_color:var(--awb-color5);--button_gradient_bottom_color:var(--awb-color5);--button_gradient_top_color_hover:var(--awb-color1);--button_gradient_bottom_color_hover:var(--awb-color1);\" target=\"_self\" href=\"https:\/\/gestoriamartapla.com\/es\/contacto\/\"><span class=\"fusion-button-text\">\u00a1Contacta Ahora!<\/span><\/a><\/div><\/div><\/div><div class=\"fusion-layout-column fusion_builder_column fusion-builder-column-1 fusion_builder_column_1_2 1_2 fusion-flex-column\" style=\"--awb-padding-top-small:90px;--awb-padding-bottom-small:90px;--awb-bg-position:center center;--awb-bg-size:cover;--awb-width-large:50%;--awb-margin-top-large:0px;--awb-spacing-right-large:0px;--awb-margin-bottom-large:0px;--awb-spacing-left-large:0px;--awb-width-medium:50%;--awb-order-medium:0;--awb-spacing-right-medium:0px;--awb-spacing-left-medium:0px;--awb-width-small:100%;--awb-order-small:1;--awb-spacing-right-small:0px;--awb-spacing-left-small:0px;\"><div class=\"fusion-column-wrapper lazyload fusion-column-has-shadow fusion-flex-justify-content-flex-start fusion-content-layout-column fusion-empty-column-bg-image fusion-column-has-bg-image\" data-bg-url=\"https:\/\/gestoriamartapla.com\/wp-content\/uploads\/2024\/10\/img-serveis-marta-pla-gestoria-07.jpg\" data-bg=\"https:\/\/gestoriamartapla.com\/wp-content\/uploads\/2024\/10\/img-serveis-marta-pla-gestoria-07.jpg\"><img decoding=\"async\" class=\"fusion-empty-dims-img-placeholder fusion-no-large-visibility fusion-no-medium-visibility\" src=\"data:image\/svg+xml,%3Csvg%20xmlns%3D%27http%3A%2F%2Fwww.w3.org%2F2000%2Fsvg%27%20width%3D%271501%27%20height%3D%271000%27%20viewBox%3D%270%200%201501%201000%27%3E%3Crect%20width%3D%271501%27%20height%3D%271000%27%20fill-opacity%3D%220%22%2F%3E%3C%2Fsvg%3E\"><\/div><\/div><\/div><\/div>\n","protected":false},"excerpt":{"rendered":"","protected":false},"author":1,"featured_media":2482,"parent":2503,"menu_order":0,"comment_status":"closed","ping_status":"closed","template":"100-width.php","meta":{"footnotes":""},"class_list":["post-2524","page","type-page","status-publish","has-post-thumbnail","hentry"],"yoast_head":"<!-- This site is optimized with the Yoast SEO plugin v23.7 - https:\/\/yoast.com\/wordpress\/plugins\/seo\/ -->\n<title>Perito Judicial - Gestoria Marta Pla<\/title>\n<meta name=\"robots\" content=\"index, follow, max-snippet:-1, max-image-preview:large, max-video-preview:-1\" \/>\n<link rel=\"canonical\" href=\"https:\/\/gestoriamartapla.com\/es\/servicios\/perito-judicial\/\" \/>\n<meta property=\"og:locale\" content=\"es_ES\" \/>\n<meta property=\"og:type\" content=\"article\" \/>\n<meta property=\"og:title\" content=\"Perito Judicial - Gestoria Marta Pla\" \/>\n<meta property=\"og:url\" content=\"https:\/\/gestoriamartapla.com\/es\/servicios\/perito-judicial\/\" \/>\n<meta property=\"og:site_name\" content=\"Gestoria Marta Pla\" \/>\n<meta property=\"article:modified_time\" content=\"2024-10-31T11:16:35+00:00\" \/>\n<meta property=\"og:image\" content=\"https:\/\/gestoriamartapla.com\/wp-content\/uploads\/2024\/10\/img-serveis-marta-pla-gestoria-07.jpg\" \/>\n\t<meta property=\"og:image:width\" content=\"1501\" \/>\n\t<meta property=\"og:image:height\" content=\"1000\" \/>\n\t<meta property=\"og:image:type\" content=\"image\/jpeg\" \/>\n<meta name=\"twitter:card\" content=\"summary_large_image\" \/>\n<meta name=\"twitter:label1\" content=\"Tiempo de lectura\" \/>\n\t<meta name=\"twitter:data1\" content=\"1 minuto\" \/>\n<script type=\"application\/ld+json\" class=\"yoast-schema-graph\">{\"@context\":\"https:\/\/schema.org\",\"@graph\":[{\"@type\":\"WebPage\",\"@id\":\"https:\/\/gestoriamartapla.com\/es\/servicios\/perito-judicial\/\",\"url\":\"https:\/\/gestoriamartapla.com\/es\/servicios\/perito-judicial\/\",\"name\":\"Perito Judicial - Gestoria Marta Pla\",\"isPartOf\":{\"@id\":\"https:\/\/gestoriamartapla.com\/es\/#website\"},\"primaryImageOfPage\":{\"@id\":\"https:\/\/gestoriamartapla.com\/es\/servicios\/perito-judicial\/#primaryimage\"},\"image\":{\"@id\":\"https:\/\/gestoriamartapla.com\/es\/servicios\/perito-judicial\/#primaryimage\"},\"thumbnailUrl\":\"https:\/\/gestoriamartapla.com\/wp-content\/uploads\/2024\/10\/img-serveis-marta-pla-gestoria-07.jpg\",\"datePublished\":\"2024-10-24T10:05:16+00:00\",\"dateModified\":\"2024-10-31T11:16:35+00:00\",\"breadcrumb\":{\"@id\":\"https:\/\/gestoriamartapla.com\/es\/servicios\/perito-judicial\/#breadcrumb\"},\"inLanguage\":\"es\",\"potentialAction\":[{\"@type\":\"ReadAction\",\"target\":[\"https:\/\/gestoriamartapla.com\/es\/servicios\/perito-judicial\/\"]}]},{\"@type\":\"ImageObject\",\"inLanguage\":\"es\",\"@id\":\"https:\/\/gestoriamartapla.com\/es\/servicios\/perito-judicial\/#primaryimage\",\"url\":\"https:\/\/gestoriamartapla.com\/wp-content\/uploads\/2024\/10\/img-serveis-marta-pla-gestoria-07.jpg\",\"contentUrl\":\"https:\/\/gestoriamartapla.com\/wp-content\/uploads\/2024\/10\/img-serveis-marta-pla-gestoria-07.jpg\",\"width\":1501,\"height\":1000},{\"@type\":\"BreadcrumbList\",\"@id\":\"https:\/\/gestoriamartapla.com\/es\/servicios\/perito-judicial\/#breadcrumb\",\"itemListElement\":[{\"@type\":\"ListItem\",\"position\":1,\"name\":\"Inici\",\"item\":\"https:\/\/gestoriamartapla.com\/es\/\"},{\"@type\":\"ListItem\",\"position\":2,\"name\":\"Servicios\",\"item\":\"https:\/\/gestoriamartapla.com\/es\/servicios\/\"},{\"@type\":\"ListItem\",\"position\":3,\"name\":\"Perito Judicial\"}]},{\"@type\":\"WebSite\",\"@id\":\"https:\/\/gestoriamartapla.com\/es\/#website\",\"url\":\"https:\/\/gestoriamartapla.com\/es\/\",\"name\":\"Gestoria Marta Pla\",\"description\":\"Al teu servei per resoldre tots els teus tr\u00e0mits fiscals i administratius amb efic\u00e0cia i confian\u00e7a.\",\"publisher\":{\"@id\":\"https:\/\/gestoriamartapla.com\/es\/#organization\"},\"potentialAction\":[{\"@type\":\"SearchAction\",\"target\":{\"@type\":\"EntryPoint\",\"urlTemplate\":\"https:\/\/gestoriamartapla.com\/es\/?s={search_term_string}\"},\"query-input\":{\"@type\":\"PropertyValueSpecification\",\"valueRequired\":true,\"valueName\":\"search_term_string\"}}],\"inLanguage\":\"es\"},{\"@type\":\"Organization\",\"@id\":\"https:\/\/gestoriamartapla.com\/es\/#organization\",\"name\":\"Gestoria Marta Pla\",\"url\":\"https:\/\/gestoriamartapla.com\/es\/\",\"logo\":{\"@type\":\"ImageObject\",\"inLanguage\":\"es\",\"@id\":\"https:\/\/gestoriamartapla.com\/es\/#\/schema\/logo\/image\/\",\"url\":\"https:\/\/gestoriamartapla.com\/wp-content\/uploads\/2024\/10\/logo-marta-pla-gestoria.png\",\"contentUrl\":\"https:\/\/gestoriamartapla.com\/wp-content\/uploads\/2024\/10\/logo-marta-pla-gestoria.png\",\"width\":300,\"height\":131,\"caption\":\"Gestoria Marta Pla\"},\"image\":{\"@id\":\"https:\/\/gestoriamartapla.com\/es\/#\/schema\/logo\/image\/\"}}]}<\/script>\n<!-- \/ Yoast SEO plugin. -->","yoast_head_json":{"title":"Perito Judicial - Gestoria Marta Pla","robots":{"index":"index","follow":"follow","max-snippet":"max-snippet:-1","max-image-preview":"max-image-preview:large","max-video-preview":"max-video-preview:-1"},"canonical":"https:\/\/gestoriamartapla.com\/es\/servicios\/perito-judicial\/","og_locale":"es_ES","og_type":"article","og_title":"Perito Judicial - Gestoria Marta Pla","og_url":"https:\/\/gestoriamartapla.com\/es\/servicios\/perito-judicial\/","og_site_name":"Gestoria Marta Pla","article_modified_time":"2024-10-31T11:16:35+00:00","og_image":[{"width":1501,"height":1000,"url":"https:\/\/gestoriamartapla.com\/wp-content\/uploads\/2024\/10\/img-serveis-marta-pla-gestoria-07.jpg","type":"image\/jpeg"}],"twitter_card":"summary_large_image","twitter_misc":{"Tiempo de lectura":"1 minuto"},"schema":{"@context":"https:\/\/schema.org","@graph":[{"@type":"WebPage","@id":"https:\/\/gestoriamartapla.com\/es\/servicios\/perito-judicial\/","url":"https:\/\/gestoriamartapla.com\/es\/servicios\/perito-judicial\/","name":"Perito Judicial - Gestoria Marta Pla","isPartOf":{"@id":"https:\/\/gestoriamartapla.com\/es\/#website"},"primaryImageOfPage":{"@id":"https:\/\/gestoriamartapla.com\/es\/servicios\/perito-judicial\/#primaryimage"},"image":{"@id":"https:\/\/gestoriamartapla.com\/es\/servicios\/perito-judicial\/#primaryimage"},"thumbnailUrl":"https:\/\/gestoriamartapla.com\/wp-content\/uploads\/2024\/10\/img-serveis-marta-pla-gestoria-07.jpg","datePublished":"2024-10-24T10:05:16+00:00","dateModified":"2024-10-31T11:16:35+00:00","breadcrumb":{"@id":"https:\/\/gestoriamartapla.com\/es\/servicios\/perito-judicial\/#breadcrumb"},"inLanguage":"es","potentialAction":[{"@type":"ReadAction","target":["https:\/\/gestoriamartapla.com\/es\/servicios\/perito-judicial\/"]}]},{"@type":"ImageObject","inLanguage":"es","@id":"https:\/\/gestoriamartapla.com\/es\/servicios\/perito-judicial\/#primaryimage","url":"https:\/\/gestoriamartapla.com\/wp-content\/uploads\/2024\/10\/img-serveis-marta-pla-gestoria-07.jpg","contentUrl":"https:\/\/gestoriamartapla.com\/wp-content\/uploads\/2024\/10\/img-serveis-marta-pla-gestoria-07.jpg","width":1501,"height":1000},{"@type":"BreadcrumbList","@id":"https:\/\/gestoriamartapla.com\/es\/servicios\/perito-judicial\/#breadcrumb","itemListElement":[{"@type":"ListItem","position":1,"name":"Inici","item":"https:\/\/gestoriamartapla.com\/es\/"},{"@type":"ListItem","position":2,"name":"Servicios","item":"https:\/\/gestoriamartapla.com\/es\/servicios\/"},{"@type":"ListItem","position":3,"name":"Perito Judicial"}]},{"@type":"WebSite","@id":"https:\/\/gestoriamartapla.com\/es\/#website","url":"https:\/\/gestoriamartapla.com\/es\/","name":"Gestoria Marta Pla","description":"Al teu servei per resoldre tots els teus tr\u00e0mits fiscals i administratius amb efic\u00e0cia i confian\u00e7a.","publisher":{"@id":"https:\/\/gestoriamartapla.com\/es\/#organization"},"potentialAction":[{"@type":"SearchAction","target":{"@type":"EntryPoint","urlTemplate":"https:\/\/gestoriamartapla.com\/es\/?s={search_term_string}"},"query-input":{"@type":"PropertyValueSpecification","valueRequired":true,"valueName":"search_term_string"}}],"inLanguage":"es"},{"@type":"Organization","@id":"https:\/\/gestoriamartapla.com\/es\/#organization","name":"Gestoria Marta Pla","url":"https:\/\/gestoriamartapla.com\/es\/","logo":{"@type":"ImageObject","inLanguage":"es","@id":"https:\/\/gestoriamartapla.com\/es\/#\/schema\/logo\/image\/","url":"https:\/\/gestoriamartapla.com\/wp-content\/uploads\/2024\/10\/logo-marta-pla-gestoria.png","contentUrl":"https:\/\/gestoriamartapla.com\/wp-content\/uploads\/2024\/10\/logo-marta-pla-gestoria.png","width":300,"height":131,"caption":"Gestoria Marta Pla"},"image":{"@id":"https:\/\/gestoriamartapla.com\/es\/#\/schema\/logo\/image\/"}}]}},"_links":{"self":[{"href":"https:\/\/gestoriamartapla.com\/es\/wp-json\/wp\/v2\/pages\/2524","targetHints":{"allow":["GET"]}}],"collection":[{"href":"https:\/\/gestoriamartapla.com\/es\/wp-json\/wp\/v2\/pages"}],"about":[{"href":"https:\/\/gestoriamartapla.com\/es\/wp-json\/wp\/v2\/types\/page"}],"author":[{"embeddable":true,"href":"https:\/\/gestoriamartapla.com\/es\/wp-json\/wp\/v2\/users\/1"}],"replies":[{"embeddable":true,"href":"https:\/\/gestoriamartapla.com\/es\/wp-json\/wp\/v2\/comments?post=2524"}],"version-history":[{"count":3,"href":"https:\/\/gestoriamartapla.com\/es\/wp-json\/wp\/v2\/pages\/2524\/revisions"}],"predecessor-version":[{"id":2608,"href":"https:\/\/gestoriamartapla.com\/es\/wp-json\/wp\/v2\/pages\/2524\/revisions\/2608"}],"up":[{"embeddable":true,"href":"https:\/\/gestoriamartapla.com\/es\/wp-json\/wp\/v2\/pages\/2503"}],"wp:featuredmedia":[{"embeddable":true,"href":"https:\/\/gestoriamartapla.com\/es\/wp-json\/wp\/v2\/media\/2482"}],"wp:attachment":[{"href":"https:\/\/gestoriamartapla.com\/es\/wp-json\/wp\/v2\/media?parent=2524"}],"curies":[{"name":"wp","href":"https:\/\/api.w.org\/{rel}","templated":true}]}}