{"id":2500,"date":"2024-10-03T10:41:53","date_gmt":"2024-10-03T08:41:53","guid":{"rendered":"https:\/\/gestoriamartapla.com\/blog\/"},"modified":"2024-10-31T09:52:10","modified_gmt":"2024-10-31T08:52:10","slug":"blog","status":"publish","type":"page","link":"https:\/\/gestoriamartapla.com\/es\/blog\/","title":{"rendered":"Blog"},"content":{"rendered":"<p><div class=\"fusion-fullwidth fullwidth-box fusion-builder-row-1 fusion-flex-container fusion-parallax-fixed hundred-percent-fullwidth non-hundred-percent-height-scrolling lazyload fusion-animated\" style=\"--awb-background-position:center bottom;--awb-border-radius-top-left:0px;--awb-border-radius-top-right:0px;--awb-border-radius-bottom-right:0px;--awb-border-radius-bottom-left:0px;--awb-padding-right:0px;--awb-padding-left:0px;--awb-padding-bottom-small:0px;--awb-margin-bottom:0px;--awb-background-image:linear-gradient(360deg, rgba(0,0,0,0.3) 0%,rgba(0,0,0,0.3) 78%);;--awb-background-size:cover;--awb-flex-wrap:wrap;background-attachment:fixed;\" data-bg=\"https:\/\/gestoriamartapla.com\/wp-content\/uploads\/2024\/10\/header-blog-gestoria-marta-pla.jpg\" data-bg-gradient=\"linear-gradient(360deg, rgba(0,0,0,0.3) 0%,rgba(0,0,0,0.3) 78%)\" data-animationType=\"fadeIn\" data-animationDuration=\"1.0\" data-animationOffset=\"top-into-view\" ><div class=\"fusion-builder-row fusion-row fusion-flex-align-items-center fusion-flex-content-wrap\" style=\"width:105% !important;max-width:105% !important;margin-left: calc(-5% \/ 2 );margin-right: calc(-5% \/ 2 );\"><div class=\"fusion-layout-column fusion_builder_column fusion-builder-column-0 fusion_builder_column_1_1 1_1 fusion-flex-column\" style=\"--awb-padding-top:100px;--awb-padding-right:7vw;--awb-padding-bottom:100px;--awb-padding-left:7vw;--awb-padding-top-small:70px;--awb-padding-bottom-small:70px;--awb-bg-position:center center;--awb-bg-size:cover;--awb-width-large:100%;--awb-margin-top-large:0px;--awb-spacing-right-large:2.375%;--awb-margin-bottom-large:0px;--awb-spacing-left-large:2.375%;--awb-width-medium:100%;--awb-spacing-right-medium:2.375%;--awb-spacing-left-medium:2.375%;--awb-width-small:100%;--awb-spacing-right-small:2.375%;--awb-spacing-left-small:2.375%;\"><div class=\"fusion-column-wrapper fusion-column-has-shadow fusion-flex-justify-content-center fusion-content-layout-column\"><div class=\"fusion-title title fusion-title-1 fusion-sep-none fusion-title-center fusion-title-text fusion-title-size-one\" style=\"--awb-text-color:var(--awb-color1);--awb-margin-bottom:0px;--awb-margin-bottom-small:40px;\"><h1 class=\"fusion-title-heading title-heading-center\" style=\"margin:0;line-height:1.2;\">Blog<\/h1><\/div><\/div><\/div><\/div><\/div><div class=\"fusion-fullwidth fullwidth-box fusion-builder-row-2 fusion-flex-container nonhundred-percent-fullwidth non-hundred-percent-height-scrolling\" style=\"--awb-border-color:var(--awb-color1);--awb-border-radius-top-left:0px;--awb-border-radius-top-right:0px;--awb-border-radius-bottom-right:0px;--awb-border-radius-bottom-left:0px;--awb-padding-top:100px;--awb-padding-bottom:60px;--awb-padding-right-medium:5vw;--awb-padding-bottom-medium:8vw;--awb-padding-left-medium:5vw;--awb-padding-top-small:9vw;--awb-padding-bottom-small:12vw;--awb-background-color:var(--awb-color2);--awb-flex-wrap:wrap;\" ><div class=\"fusion-builder-row fusion-row fusion-flex-align-items-center fusion-flex-content-wrap\" style=\"max-width:1365px;margin-left: calc(-5% \/ 2 );margin-right: calc(-5% \/ 2 );\"><div class=\"fusion-layout-column fusion_builder_column fusion-builder-column-1 fusion_builder_column_1_1 1_1 fusion-flex-column\" style=\"--awb-bg-size:cover;--awb-width-large:100%;--awb-margin-top-large:0px;--awb-spacing-right-large:2.375%;--awb-margin-bottom-large:0px;--awb-spacing-left-large:2.375%;--awb-width-medium:100%;--awb-spacing-right-medium:2.375%;--awb-spacing-left-medium:2.375%;--awb-width-small:100%;--awb-spacing-right-small:2.375%;--awb-spacing-left-small:2.375%;\"><div class=\"fusion-column-wrapper fusion-column-has-shadow fusion-flex-justify-content-flex-start fusion-content-layout-column\"><div class=\"fusion-post-cards fusion-post-cards-1 fusion-grid-archive fusion-grid-columns-3\" style=\"--awb-column-spacing:70px;--awb-dots-align:center;--awb-columns:3;--awb-active-filter-border-size:3px;--awb-filters-height:36px;--awb-columns-medium:33.3333%;\"><ul class=\"fusion-grid fusion-grid-3 fusion-flex-align-items-flex-start fusion-grid-posts-cards\"><li class=\"fusion-layout-column fusion_builder_column fusion-builder-column-2 fusion-flex-column post-card fusion-grid-column fusion-post-cards-grid-column\" style=\"--awb-bg-blend:overlay;--awb-bg-size:cover;--awb-border-color:var(--awb-color3);--awb-border-color-hover:var(--awb-color6);--awb-transform:scaleX(1) scaleY(1);--awb-transform-hover:scaleX(1.02) scaleY(1.02);\"><div class=\"fusion-column-wrapper fusion-column-has-shadow fusion-flex-justify-content-flex-start fusion-content-layout-column\"><div class=\"fusion-image-element \" style=\"--awb-aspect-ratio: 100 \/ 73;--awb-margin-bottom:20px;--awb-caption-title-font-family:var(--h2_typography-font-family);--awb-caption-title-font-weight:var(--h2_typography-font-weight);--awb-caption-title-font-style:var(--h2_typography-font-style);--awb-caption-title-size:var(--h2_typography-font-size);--awb-caption-title-transform:var(--h2_typography-text-transform);--awb-caption-title-line-height:var(--h2_typography-line-height);--awb-caption-title-letter-spacing:var(--h2_typography-letter-spacing);\"><span class=\" fusion-imageframe imageframe-none imageframe-1 hover-type-none has-aspect-ratio\" style=\"border-radius:7px;\"><a class=\"fusion-no-lightbox\" href=\"https:\/\/gestoriamartapla.com\/es\/obligacions-fiscals-autonoms-necessites-saber\/\" target=\"_self\" aria-label=\"img-post-freelance\"><img decoding=\"async\" width=\"1200\" height=\"800\" alt=\"Imatge d&#039;una persona amb uns fulls amb gr\u00e0fics a la m\u00e0 de \" src=\"https:\/\/gestoriamartapla.com\/wp-content\/uploads\/2024\/10\/img-post-freelance.jpg\" data-orig-src=\"https:\/\/gestoriamartapla.com\/wp-content\/uploads\/2024\/10\/img-post-freelance.jpg\" class=\"lazyload img-responsive wp-image-2460 img-with-aspect-ratio\" srcset=\"data:image\/svg+xml,%3Csvg%20xmlns%3D%27http%3A%2F%2Fwww.w3.org%2F2000%2Fsvg%27%20width%3D%271200%27%20height%3D%27800%27%20viewBox%3D%270%200%201200%20800%27%3E%3Crect%20width%3D%271200%27%20height%3D%27800%27%20fill-opacity%3D%220%22%2F%3E%3C%2Fsvg%3E\" data-srcset=\"https:\/\/gestoriamartapla.com\/wp-content\/uploads\/2024\/10\/img-post-freelance-200x133.jpg 200w, https:\/\/gestoriamartapla.com\/wp-content\/uploads\/2024\/10\/img-post-freelance-400x267.jpg 400w, https:\/\/gestoriamartapla.com\/wp-content\/uploads\/2024\/10\/img-post-freelance-600x400.jpg 600w, https:\/\/gestoriamartapla.com\/wp-content\/uploads\/2024\/10\/img-post-freelance-800x533.jpg 800w, https:\/\/gestoriamartapla.com\/wp-content\/uploads\/2024\/10\/img-post-freelance.jpg 1200w\" data-sizes=\"auto\" data-orig-sizes=\"(max-width: 700px) 100vw, 1200px\" \/><\/a><\/span><\/div><div class=\"fusion-title title fusion-title-2 fusion-sep-none fusion-title-text fusion-title-size-five\" style=\"--awb-margin-right:6%;--awb-margin-left:3%;--awb-margin-right-small:3%;--awb-margin-left-small:3%;\"><h5 class=\"fusion-title-heading title-heading-left\" style=\"margin:0;\"><a href=\"https:\/\/gestoriamartapla.com\/es\/obligacions-fiscals-autonoms-necessites-saber\/\" class=\"awb-custom-text-color awb-custom-text-hover-color\" target=\"_self\">Las obligaciones fiscales para aut\u00f3nomos: Todo lo que necesitas saber<\/a><\/h5><\/div><div class=\"fusion-title title fusion-title-3 fusion-sep-none fusion-title-text fusion-title-size-five\" style=\"--awb-margin-right:6%;--awb-margin-left:3%;--awb-margin-left-small:3%;--awb-link-color:var(--awb-color5);--awb-link-hover-color:hsla(var(--awb-color5-h),var(--awb-color5-s),calc(var(--awb-color5-l) + 7%),var(--awb-color5-a));--awb-font-size:var(--awb-typography3-font-size);\"><h5 class=\"fusion-title-heading title-heading-left\" style=\"font-family:var(--awb-typography3-font-family);font-weight:var(--awb-typography3-font-weight);font-style:var(--awb-typography3-font-style);margin:0;font-size:1em;letter-spacing:var(--awb-typography3-letter-spacing);text-transform:var(--awb-typography3-text-transform);line-height:var(--awb-typography3-line-height);\"><a href=\"https:\/\/gestoriamartapla.com\/es\/obligacions-fiscals-autonoms-necessites-saber\/\" class=\"awb-custom-text-color awb-custom-text-hover-color\" target=\"_self\">Llegir M\u00e9s<\/a><\/h5><\/div><\/div><\/li>\n<li class=\"fusion-layout-column fusion_builder_column fusion-builder-column-3 fusion-flex-column post-card fusion-grid-column fusion-post-cards-grid-column\" style=\"--awb-bg-blend:overlay;--awb-bg-size:cover;--awb-border-color:var(--awb-color3);--awb-border-color-hover:var(--awb-color6);--awb-transform:scaleX(1) scaleY(1);--awb-transform-hover:scaleX(1.02) scaleY(1.02);\"><div class=\"fusion-column-wrapper fusion-column-has-shadow fusion-flex-justify-content-flex-start fusion-content-layout-column\"><div class=\"fusion-image-element \" style=\"--awb-aspect-ratio: 100 \/ 73;--awb-margin-bottom:20px;--awb-caption-title-font-family:var(--h2_typography-font-family);--awb-caption-title-font-weight:var(--h2_typography-font-weight);--awb-caption-title-font-style:var(--h2_typography-font-style);--awb-caption-title-size:var(--h2_typography-font-size);--awb-caption-title-transform:var(--h2_typography-text-transform);--awb-caption-title-line-height:var(--h2_typography-line-height);--awb-caption-title-letter-spacing:var(--h2_typography-letter-spacing);\"><span class=\" fusion-imageframe imageframe-none imageframe-2 hover-type-none has-aspect-ratio\" style=\"border-radius:7px;\"><a class=\"fusion-no-lightbox\" href=\"https:\/\/gestoriamartapla.com\/es\/avantatges-contractar-gestoria-empresa\/\" target=\"_self\" aria-label=\"img-post-gestoria\"><img decoding=\"async\" width=\"1200\" height=\"800\" alt=\"Fotografia d&#039;un home parlant per tel\u00e8fon mentre sembla escriure alguna cosa.\" src=\"https:\/\/gestoriamartapla.com\/wp-content\/uploads\/2024\/10\/img-post-gestoria.jpg\" data-orig-src=\"https:\/\/gestoriamartapla.com\/wp-content\/uploads\/2024\/10\/img-post-gestoria.jpg\" class=\"lazyload img-responsive wp-image-2461 img-with-aspect-ratio\" srcset=\"data:image\/svg+xml,%3Csvg%20xmlns%3D%27http%3A%2F%2Fwww.w3.org%2F2000%2Fsvg%27%20width%3D%271200%27%20height%3D%27800%27%20viewBox%3D%270%200%201200%20800%27%3E%3Crect%20width%3D%271200%27%20height%3D%27800%27%20fill-opacity%3D%220%22%2F%3E%3C%2Fsvg%3E\" data-srcset=\"https:\/\/gestoriamartapla.com\/wp-content\/uploads\/2024\/10\/img-post-gestoria-200x133.jpg 200w, https:\/\/gestoriamartapla.com\/wp-content\/uploads\/2024\/10\/img-post-gestoria-400x267.jpg 400w, https:\/\/gestoriamartapla.com\/wp-content\/uploads\/2024\/10\/img-post-gestoria-600x400.jpg 600w, https:\/\/gestoriamartapla.com\/wp-content\/uploads\/2024\/10\/img-post-gestoria-800x533.jpg 800w, https:\/\/gestoriamartapla.com\/wp-content\/uploads\/2024\/10\/img-post-gestoria.jpg 1200w\" data-sizes=\"auto\" data-orig-sizes=\"(max-width: 700px) 100vw, 1200px\" \/><\/a><\/span><\/div><div class=\"fusion-title title fusion-title-4 fusion-sep-none fusion-title-text fusion-title-size-five\" style=\"--awb-margin-right:6%;--awb-margin-left:3%;--awb-margin-right-small:3%;--awb-margin-left-small:3%;\"><h5 class=\"fusion-title-heading title-heading-left\" style=\"margin:0;\"><a href=\"https:\/\/gestoriamartapla.com\/es\/avantatges-contractar-gestoria-empresa\/\" class=\"awb-custom-text-color awb-custom-text-hover-color\" target=\"_self\">Ventajas de contratar una gestor\u00eda para tu empresa<\/a><\/h5><\/div><div class=\"fusion-title title fusion-title-5 fusion-sep-none fusion-title-text fusion-title-size-five\" style=\"--awb-margin-right:6%;--awb-margin-left:3%;--awb-margin-left-small:3%;--awb-link-color:var(--awb-color5);--awb-link-hover-color:hsla(var(--awb-color5-h),var(--awb-color5-s),calc(var(--awb-color5-l) + 7%),var(--awb-color5-a));--awb-font-size:var(--awb-typography3-font-size);\"><h5 class=\"fusion-title-heading title-heading-left\" style=\"font-family:var(--awb-typography3-font-family);font-weight:var(--awb-typography3-font-weight);font-style:var(--awb-typography3-font-style);margin:0;font-size:1em;letter-spacing:var(--awb-typography3-letter-spacing);text-transform:var(--awb-typography3-text-transform);line-height:var(--awb-typography3-line-height);\"><a href=\"https:\/\/gestoriamartapla.com\/es\/avantatges-contractar-gestoria-empresa\/\" class=\"awb-custom-text-color awb-custom-text-hover-color\" target=\"_self\">Llegir M\u00e9s<\/a><\/h5><\/div><\/div><\/li>\n<li class=\"fusion-layout-column fusion_builder_column fusion-builder-column-4 fusion-flex-column post-card fusion-grid-column fusion-post-cards-grid-column\" style=\"--awb-bg-blend:overlay;--awb-bg-size:cover;--awb-border-color:var(--awb-color3);--awb-border-color-hover:var(--awb-color6);--awb-transform:scaleX(1) scaleY(1);--awb-transform-hover:scaleX(1.02) scaleY(1.02);\"><div class=\"fusion-column-wrapper fusion-column-has-shadow fusion-flex-justify-content-flex-start fusion-content-layout-column\"><div class=\"fusion-image-element \" style=\"--awb-aspect-ratio: 100 \/ 73;--awb-margin-bottom:20px;--awb-caption-title-font-family:var(--h2_typography-font-family);--awb-caption-title-font-weight:var(--h2_typography-font-weight);--awb-caption-title-font-style:var(--h2_typography-font-style);--awb-caption-title-size:var(--h2_typography-font-size);--awb-caption-title-transform:var(--h2_typography-text-transform);--awb-caption-title-line-height:var(--h2_typography-line-height);--awb-caption-title-letter-spacing:var(--h2_typography-letter-spacing);\"><span class=\" fusion-imageframe imageframe-none imageframe-3 hover-type-none has-aspect-ratio\" style=\"border-radius:7px;\"><a class=\"fusion-no-lightbox\" href=\"https:\/\/gestoriamartapla.com\/es\/com-optimitzar-declaracio-renda\/\" target=\"_self\" aria-label=\"img-post-renta\"><img decoding=\"async\" width=\"1200\" height=\"800\" alt=\"Fotografiai d&#039;un full de paper amb un bol\u00edgraf, una calculadora i diners a sobre.\" src=\"https:\/\/gestoriamartapla.com\/wp-content\/uploads\/2024\/10\/img-post-renta.jpg\" data-orig-src=\"https:\/\/gestoriamartapla.com\/wp-content\/uploads\/2024\/10\/img-post-renta.jpg\" class=\"lazyload img-responsive wp-image-2462 img-with-aspect-ratio\" srcset=\"data:image\/svg+xml,%3Csvg%20xmlns%3D%27http%3A%2F%2Fwww.w3.org%2F2000%2Fsvg%27%20width%3D%271200%27%20height%3D%27800%27%20viewBox%3D%270%200%201200%20800%27%3E%3Crect%20width%3D%271200%27%20height%3D%27800%27%20fill-opacity%3D%220%22%2F%3E%3C%2Fsvg%3E\" data-srcset=\"https:\/\/gestoriamartapla.com\/wp-content\/uploads\/2024\/10\/img-post-renta-200x133.jpg 200w, https:\/\/gestoriamartapla.com\/wp-content\/uploads\/2024\/10\/img-post-renta-400x267.jpg 400w, https:\/\/gestoriamartapla.com\/wp-content\/uploads\/2024\/10\/img-post-renta-600x400.jpg 600w, https:\/\/gestoriamartapla.com\/wp-content\/uploads\/2024\/10\/img-post-renta-800x533.jpg 800w, https:\/\/gestoriamartapla.com\/wp-content\/uploads\/2024\/10\/img-post-renta.jpg 1200w\" data-sizes=\"auto\" data-orig-sizes=\"(max-width: 700px) 100vw, 1200px\" \/><\/a><\/span><\/div><div class=\"fusion-title title fusion-title-6 fusion-sep-none fusion-title-text fusion-title-size-five\" style=\"--awb-margin-right:6%;--awb-margin-left:3%;--awb-margin-right-small:3%;--awb-margin-left-small:3%;\"><h5 class=\"fusion-title-heading title-heading-left\" style=\"margin:0;\"><a href=\"https:\/\/gestoriamartapla.com\/es\/com-optimitzar-declaracio-renda\/\" class=\"awb-custom-text-color awb-custom-text-hover-color\" target=\"_self\">C\u00f3mo optimizar tu declaraci\u00f3n de la renta<\/a><\/h5><\/div><div class=\"fusion-title title fusion-title-7 fusion-sep-none fusion-title-text fusion-title-size-five\" style=\"--awb-margin-right:6%;--awb-margin-left:3%;--awb-margin-left-small:3%;--awb-link-color:var(--awb-color5);--awb-link-hover-color:hsla(var(--awb-color5-h),var(--awb-color5-s),calc(var(--awb-color5-l) + 7%),var(--awb-color5-a));--awb-font-size:var(--awb-typography3-font-size);\"><h5 class=\"fusion-title-heading title-heading-left\" style=\"font-family:var(--awb-typography3-font-family);font-weight:var(--awb-typography3-font-weight);font-style:var(--awb-typography3-font-style);margin:0;font-size:1em;letter-spacing:var(--awb-typography3-letter-spacing);text-transform:var(--awb-typography3-text-transform);line-height:var(--awb-typography3-line-height);\"><a href=\"https:\/\/gestoriamartapla.com\/es\/com-optimitzar-declaracio-renda\/\" class=\"awb-custom-text-color awb-custom-text-hover-color\" target=\"_self\">Llegir M\u00e9s<\/a><\/h5><\/div><\/div><\/li>\n<\/ul><\/div><\/div><\/div><\/div><\/div><\/p>\n","protected":false},"excerpt":{"rendered":"","protected":false},"author":1,"featured_media":2463,"parent":0,"menu_order":0,"comment_status":"closed","ping_status":"closed","template":"100-width.php","meta":{"footnotes":""},"class_list":["post-2500","page","type-page","status-publish","has-post-thumbnail","hentry"],"yoast_head":"<!-- This site is optimized with the Yoast SEO plugin v23.7 - https:\/\/yoast.com\/wordpress\/plugins\/seo\/ -->\n<title>Blog - Gestoria Marta Pla<\/title>\n<meta name=\"robots\" content=\"index, follow, max-snippet:-1, max-image-preview:large, max-video-preview:-1\" \/>\n<link rel=\"canonical\" href=\"https:\/\/gestoriamartapla.com\/es\/blog\/\" \/>\n<meta property=\"og:locale\" content=\"es_ES\" \/>\n<meta property=\"og:type\" content=\"article\" \/>\n<meta property=\"og:title\" content=\"Blog - Gestoria Marta Pla\" \/>\n<meta property=\"og:url\" content=\"https:\/\/gestoriamartapla.com\/es\/blog\/\" \/>\n<meta property=\"og:site_name\" content=\"Gestoria Marta Pla\" \/>\n<meta property=\"article:modified_time\" content=\"2024-10-31T08:52:10+00:00\" \/>\n<meta property=\"og:image\" content=\"https:\/\/gestoriamartapla.com\/wp-content\/uploads\/2024\/10\/header-blog-gestoria-marta-pla.jpg\" \/>\n\t<meta property=\"og:image:width\" content=\"1923\" \/>\n\t<meta property=\"og:image:height\" content=\"989\" \/>\n\t<meta property=\"og:image:type\" content=\"image\/jpeg\" \/>\n<meta name=\"twitter:card\" content=\"summary_large_image\" \/>\n<meta name=\"twitter:label1\" content=\"Tiempo de lectura\" \/>\n\t<meta name=\"twitter:data1\" content=\"5 minutos\" \/>\n<script type=\"application\/ld+json\" class=\"yoast-schema-graph\">{\"@context\":\"https:\/\/schema.org\",\"@graph\":[{\"@type\":\"WebPage\",\"@id\":\"https:\/\/gestoriamartapla.com\/es\/blog\/\",\"url\":\"https:\/\/gestoriamartapla.com\/es\/blog\/\",\"name\":\"Blog - Gestoria Marta Pla\",\"isPartOf\":{\"@id\":\"https:\/\/gestoriamartapla.com\/es\/#website\"},\"primaryImageOfPage\":{\"@id\":\"https:\/\/gestoriamartapla.com\/es\/blog\/#primaryimage\"},\"image\":{\"@id\":\"https:\/\/gestoriamartapla.com\/es\/blog\/#primaryimage\"},\"thumbnailUrl\":\"https:\/\/gestoriamartapla.com\/wp-content\/uploads\/2024\/10\/header-blog-gestoria-marta-pla.jpg\",\"datePublished\":\"2024-10-03T08:41:53+00:00\",\"dateModified\":\"2024-10-31T08:52:10+00:00\",\"breadcrumb\":{\"@id\":\"https:\/\/gestoriamartapla.com\/es\/blog\/#breadcrumb\"},\"inLanguage\":\"es\",\"potentialAction\":[{\"@type\":\"ReadAction\",\"target\":[\"https:\/\/gestoriamartapla.com\/es\/blog\/\"]}]},{\"@type\":\"ImageObject\",\"inLanguage\":\"es\",\"@id\":\"https:\/\/gestoriamartapla.com\/es\/blog\/#primaryimage\",\"url\":\"https:\/\/gestoriamartapla.com\/wp-content\/uploads\/2024\/10\/header-blog-gestoria-marta-pla.jpg\",\"contentUrl\":\"https:\/\/gestoriamartapla.com\/wp-content\/uploads\/2024\/10\/header-blog-gestoria-marta-pla.jpg\",\"width\":1923,\"height\":989,\"caption\":\"Imatge d'una persona teclejant a la nostra empresa.\"},{\"@type\":\"BreadcrumbList\",\"@id\":\"https:\/\/gestoriamartapla.com\/es\/blog\/#breadcrumb\",\"itemListElement\":[{\"@type\":\"ListItem\",\"position\":1,\"name\":\"Inici\",\"item\":\"https:\/\/gestoriamartapla.com\/es\/\"},{\"@type\":\"ListItem\",\"position\":2,\"name\":\"Blog\"}]},{\"@type\":\"WebSite\",\"@id\":\"https:\/\/gestoriamartapla.com\/es\/#website\",\"url\":\"https:\/\/gestoriamartapla.com\/es\/\",\"name\":\"Gestoria Marta Pla\",\"description\":\"Al teu servei per resoldre tots els teus tr\u00e0mits fiscals i administratius amb efic\u00e0cia i confian\u00e7a.\",\"publisher\":{\"@id\":\"https:\/\/gestoriamartapla.com\/es\/#organization\"},\"potentialAction\":[{\"@type\":\"SearchAction\",\"target\":{\"@type\":\"EntryPoint\",\"urlTemplate\":\"https:\/\/gestoriamartapla.com\/es\/?s={search_term_string}\"},\"query-input\":{\"@type\":\"PropertyValueSpecification\",\"valueRequired\":true,\"valueName\":\"search_term_string\"}}],\"inLanguage\":\"es\"},{\"@type\":\"Organization\",\"@id\":\"https:\/\/gestoriamartapla.com\/es\/#organization\",\"name\":\"Gestoria Marta Pla\",\"url\":\"https:\/\/gestoriamartapla.com\/es\/\",\"logo\":{\"@type\":\"ImageObject\",\"inLanguage\":\"es\",\"@id\":\"https:\/\/gestoriamartapla.com\/es\/#\/schema\/logo\/image\/\",\"url\":\"https:\/\/gestoriamartapla.com\/wp-content\/uploads\/2024\/10\/logo-marta-pla-gestoria.png\",\"contentUrl\":\"https:\/\/gestoriamartapla.com\/wp-content\/uploads\/2024\/10\/logo-marta-pla-gestoria.png\",\"width\":300,\"height\":131,\"caption\":\"Gestoria Marta Pla\"},\"image\":{\"@id\":\"https:\/\/gestoriamartapla.com\/es\/#\/schema\/logo\/image\/\"}}]}<\/script>\n<!-- \/ Yoast SEO plugin. -->","yoast_head_json":{"title":"Blog - Gestoria Marta Pla","robots":{"index":"index","follow":"follow","max-snippet":"max-snippet:-1","max-image-preview":"max-image-preview:large","max-video-preview":"max-video-preview:-1"},"canonical":"https:\/\/gestoriamartapla.com\/es\/blog\/","og_locale":"es_ES","og_type":"article","og_title":"Blog - Gestoria Marta Pla","og_url":"https:\/\/gestoriamartapla.com\/es\/blog\/","og_site_name":"Gestoria Marta Pla","article_modified_time":"2024-10-31T08:52:10+00:00","og_image":[{"width":1923,"height":989,"url":"https:\/\/gestoriamartapla.com\/wp-content\/uploads\/2024\/10\/header-blog-gestoria-marta-pla.jpg","type":"image\/jpeg"}],"twitter_card":"summary_large_image","twitter_misc":{"Tiempo de lectura":"5 minutos"},"schema":{"@context":"https:\/\/schema.org","@graph":[{"@type":"WebPage","@id":"https:\/\/gestoriamartapla.com\/es\/blog\/","url":"https:\/\/gestoriamartapla.com\/es\/blog\/","name":"Blog - Gestoria Marta Pla","isPartOf":{"@id":"https:\/\/gestoriamartapla.com\/es\/#website"},"primaryImageOfPage":{"@id":"https:\/\/gestoriamartapla.com\/es\/blog\/#primaryimage"},"image":{"@id":"https:\/\/gestoriamartapla.com\/es\/blog\/#primaryimage"},"thumbnailUrl":"https:\/\/gestoriamartapla.com\/wp-content\/uploads\/2024\/10\/header-blog-gestoria-marta-pla.jpg","datePublished":"2024-10-03T08:41:53+00:00","dateModified":"2024-10-31T08:52:10+00:00","breadcrumb":{"@id":"https:\/\/gestoriamartapla.com\/es\/blog\/#breadcrumb"},"inLanguage":"es","potentialAction":[{"@type":"ReadAction","target":["https:\/\/gestoriamartapla.com\/es\/blog\/"]}]},{"@type":"ImageObject","inLanguage":"es","@id":"https:\/\/gestoriamartapla.com\/es\/blog\/#primaryimage","url":"https:\/\/gestoriamartapla.com\/wp-content\/uploads\/2024\/10\/header-blog-gestoria-marta-pla.jpg","contentUrl":"https:\/\/gestoriamartapla.com\/wp-content\/uploads\/2024\/10\/header-blog-gestoria-marta-pla.jpg","width":1923,"height":989,"caption":"Imatge d'una persona teclejant a la nostra empresa."},{"@type":"BreadcrumbList","@id":"https:\/\/gestoriamartapla.com\/es\/blog\/#breadcrumb","itemListElement":[{"@type":"ListItem","position":1,"name":"Inici","item":"https:\/\/gestoriamartapla.com\/es\/"},{"@type":"ListItem","position":2,"name":"Blog"}]},{"@type":"WebSite","@id":"https:\/\/gestoriamartapla.com\/es\/#website","url":"https:\/\/gestoriamartapla.com\/es\/","name":"Gestoria Marta Pla","description":"Al teu servei per resoldre tots els teus tr\u00e0mits fiscals i administratius amb efic\u00e0cia i confian\u00e7a.","publisher":{"@id":"https:\/\/gestoriamartapla.com\/es\/#organization"},"potentialAction":[{"@type":"SearchAction","target":{"@type":"EntryPoint","urlTemplate":"https:\/\/gestoriamartapla.com\/es\/?s={search_term_string}"},"query-input":{"@type":"PropertyValueSpecification","valueRequired":true,"valueName":"search_term_string"}}],"inLanguage":"es"},{"@type":"Organization","@id":"https:\/\/gestoriamartapla.com\/es\/#organization","name":"Gestoria Marta Pla","url":"https:\/\/gestoriamartapla.com\/es\/","logo":{"@type":"ImageObject","inLanguage":"es","@id":"https:\/\/gestoriamartapla.com\/es\/#\/schema\/logo\/image\/","url":"https:\/\/gestoriamartapla.com\/wp-content\/uploads\/2024\/10\/logo-marta-pla-gestoria.png","contentUrl":"https:\/\/gestoriamartapla.com\/wp-content\/uploads\/2024\/10\/logo-marta-pla-gestoria.png","width":300,"height":131,"caption":"Gestoria Marta Pla"},"image":{"@id":"https:\/\/gestoriamartapla.com\/es\/#\/schema\/logo\/image\/"}}]}},"_links":{"self":[{"href":"https:\/\/gestoriamartapla.com\/es\/wp-json\/wp\/v2\/pages\/2500","targetHints":{"allow":["GET"]}}],"collection":[{"href":"https:\/\/gestoriamartapla.com\/es\/wp-json\/wp\/v2\/pages"}],"about":[{"href":"https:\/\/gestoriamartapla.com\/es\/wp-json\/wp\/v2\/types\/page"}],"author":[{"embeddable":true,"href":"https:\/\/gestoriamartapla.com\/es\/wp-json\/wp\/v2\/users\/1"}],"replies":[{"embeddable":true,"href":"https:\/\/gestoriamartapla.com\/es\/wp-json\/wp\/v2\/comments?post=2500"}],"version-history":[{"count":2,"href":"https:\/\/gestoriamartapla.com\/es\/wp-json\/wp\/v2\/pages\/2500\/revisions"}],"predecessor-version":[{"id":2502,"href":"https:\/\/gestoriamartapla.com\/es\/wp-json\/wp\/v2\/pages\/2500\/revisions\/2502"}],"wp:featuredmedia":[{"embeddable":true,"href":"https:\/\/gestoriamartapla.com\/es\/wp-json\/wp\/v2\/media\/2463"}],"wp:attachment":[{"href":"https:\/\/gestoriamartapla.com\/es\/wp-json\/wp\/v2\/media?parent=2500"}],"curies":[{"name":"wp","href":"https:\/\/api.w.org\/{rel}","templated":true}]}}